{"id":1524,"date":"2020-01-17T11:44:15","date_gmt":"2020-01-17T11:44:15","guid":{"rendered":"http:\/\/rodinger-fusswallfahrer.de\/?page_id=1524"},"modified":"2025-05-27T08:39:56","modified_gmt":"2025-05-27T08:39:56","slug":"partner","status":"publish","type":"page","link":"https:\/\/rodinger-fusswallfahrer.de\/?page_id=1524","title":{"rendered":"Partner"},"content":{"rendered":"\n<p class=\"has-text-align-center\"><strong>Herzlichen Dank und Vergelt\u00b4s Gott <\/strong><\/p>\n\n\n\n<p class=\"has-text-align-center\">f\u00fcr die Unterst\u00fctzung. Ob materiell, immateriell oder finanziell und somit die Wallfahrt in der Form grunds\u00e4tzlich erst m\u00f6glich machen. Hierzu z\u00e4hlen auch unz\u00e4hlige Privatpersonen bzw. Familien, die hier nicht genannt werden.<\/p>\n\n\n<div class=\"wp-block-image\">\n<figure class=\"aligncenter size-large\"><img decoding=\"async\" loading=\"lazy\" width=\"724\" height=\"1024\" src=\"https:\/\/rodinger-fusswallfahrer.de\/wp-content\/uploads\/2025\/05\/SponsorenV3.2-1-724x1024.jpg\" alt=\"\" class=\"wp-image-1885\" srcset=\"https:\/\/rodinger-fusswallfahrer.de\/wp-content\/uploads\/2025\/05\/SponsorenV3.2-1-724x1024.jpg 724w, https:\/\/rodinger-fusswallfahrer.de\/wp-content\/uploads\/2025\/05\/SponsorenV3.2-1-212x300.jpg 212w, https:\/\/rodinger-fusswallfahrer.de\/wp-content\/uploads\/2025\/05\/SponsorenV3.2-1-768x1086.jpg 768w, https:\/\/rodinger-fusswallfahrer.de\/wp-content\/uploads\/2025\/05\/SponsorenV3.2-1-1086x1536.jpg 1086w, https:\/\/rodinger-fusswallfahrer.de\/wp-content\/uploads\/2025\/05\/SponsorenV3.2-1-1448x2048.jpg 1448w, https:\/\/rodinger-fusswallfahrer.de\/wp-content\/uploads\/2025\/05\/SponsorenV3.2-1-scaled.jpg 1810w\" sizes=\"(max-width: 724px) 100vw, 724px\" \/><\/figure><\/div>","protected":false},"excerpt":{"rendered":"<p>Herzlichen Dank und Vergelt\u00b4s Gott f\u00fcr die Unterst\u00fctzung. Ob materiell, immateriell oder finanziell und somit die Wallfahrt in der Form grunds\u00e4tzlich erst m\u00f6glich machen. Hierzu z\u00e4hlen auch unz\u00e4hlige Privatpersonen bzw. Familien, die hier nicht genannt werden.<\/p>\n","protected":false},"author":1,"featured_media":0,"parent":0,"menu_order":0,"comment_status":"closed","ping_status":"closed","template":"","meta":{"ngg_post_thumbnail":0},"_links":{"self":[{"href":"https:\/\/rodinger-fusswallfahrer.de\/index.php?rest_route=\/wp\/v2\/pages\/1524"}],"collection":[{"href":"https:\/\/rodinger-fusswallfahrer.de\/index.php?rest_route=\/wp\/v2\/pages"}],"about":[{"href":"https:\/\/rodinger-fusswallfahrer.de\/index.php?rest_route=\/wp\/v2\/types\/page"}],"author":[{"embeddable":true,"href":"https:\/\/rodinger-fusswallfahrer.de\/index.php?rest_route=\/wp\/v2\/users\/1"}],"replies":[{"embeddable":true,"href":"https:\/\/rodinger-fusswallfahrer.de\/index.php?rest_route=%2Fwp%2Fv2%2Fcomments&post=1524"}],"version-history":[{"count":22,"href":"https:\/\/rodinger-fusswallfahrer.de\/index.php?rest_route=\/wp\/v2\/pages\/1524\/revisions"}],"predecessor-version":[{"id":1889,"href":"https:\/\/rodinger-fusswallfahrer.de\/index.php?rest_route=\/wp\/v2\/pages\/1524\/revisions\/1889"}],"wp:attachment":[{"href":"https:\/\/rodinger-fusswallfahrer.de\/index.php?rest_route=%2Fwp%2Fv2%2Fmedia&parent=1524"}],"curies":[{"name":"wp","href":"https:\/\/api.w.org\/{rel}","templated":true}]}}