{"id":1207,"date":"2019-04-16T15:57:22","date_gmt":"2019-04-16T15:57:22","guid":{"rendered":"http:\/\/rodinger-fusswallfahrer.de\/?page_id=1207"},"modified":"2023-05-06T08:56:09","modified_gmt":"2023-05-06T08:56:09","slug":"wallfahrt-2019","status":"publish","type":"page","link":"https:\/\/rodinger-fusswallfahrer.de\/?page_id=1207","title":{"rendered":"Die Wallfahrt"},"content":{"rendered":"\n<p class=\"has-text-align-center\"><strong>Liebe Wallfahrerinnen und Wallfahrer, liebe Interessierte, <\/strong><\/p>\n\n\n\n<p class=\"has-text-align-center\">f\u00fcr Ihr Interesse und den Besuch unserer\nSeite m\u00f6chten wir uns recht herzlich bedanken.<\/p>\n\n\n\n<p class=\"has-text-align-center\">In den beiden Downloadlinks stellen wir\nIhnen ein paar grunds\u00e4tzliche Informationen&nbsp;und sowie auch das\nAnmeldeformular zur Verf\u00fcgung<\/p>\n\n\n\n<p class=\"has-text-align-center\">Viele Gr\u00fc\u00dfe vom Organisationsteam<\/p>\n\n\n\n<p>&nbsp;<\/p>\n\n\n\n<div class=\"container jumbotron\">\n <div class=\"row\">\n  <div class=\"col-md-12\">\n   <p>Alle relevanten Informationen zur Wallfahrt finden sie im \n     Flyer hier zum Herunterladen:\n   <\/p>\n  <\/div>\n   <\/div>\n<div class=\"row\">\n  <div class=\"col-md-9\">\n   <p>Grunds\u00e4tzliche Informationen zur Wallfahrt (Word)\n   <\/p>\n  <\/div>\n  <div class=\"col-md-3\"> \n   <a class=\"btn btn-success\" href=\"http:\/\/rodinger-fusswallfahrer.de\/wp-content\/uploads\/2022\/06\/1-Download_Grundsaetzliche-Informationen-Wallfahrt_ab2022-rev02.docx\">Download\n   <\/a>\n  <\/div> \n <\/div>\n<div class=\"row\">\n  <div class=\"col-md-9\">\n   <p>Anmeldeformular (Word)\n   <\/p>\n  <\/div>\n  <div class=\"col-md-3\"> \n   <a class=\"btn btn-success\" href=\"http:\/\/rodinger-fusswallfahrer.de\/wp-content\/uploads\/2023\/05\/Download_Anmeldeformular_ab2023_rev01.docx\">Download\n   <\/a>\n  <\/div> \n <\/div>\n<\/div>\n","protected":false},"excerpt":{"rendered":"<p>Liebe Wallfahrerinnen und Wallfahrer, liebe Interessierte, f\u00fcr Ihr Interesse und den Besuch unserer Seite m\u00f6chten wir uns recht herzlich bedanken. In den beiden Downloadlinks stellen wir Ihnen ein paar grunds\u00e4tzliche Informationen&nbsp;und sowie auch das Anmeldeformular zur Verf\u00fcgung Viele Gr\u00fc\u00dfe vom Organisationsteam &nbsp; Alle relevanten Informationen zur Wallfahrt finden sie im&#8230;<\/p>\n","protected":false},"author":1,"featured_media":0,"parent":0,"menu_order":0,"comment_status":"closed","ping_status":"closed","template":"","meta":{"ngg_post_thumbnail":0},"_links":{"self":[{"href":"https:\/\/rodinger-fusswallfahrer.de\/index.php?rest_route=\/wp\/v2\/pages\/1207"}],"collection":[{"href":"https:\/\/rodinger-fusswallfahrer.de\/index.php?rest_route=\/wp\/v2\/pages"}],"about":[{"href":"https:\/\/rodinger-fusswallfahrer.de\/index.php?rest_route=\/wp\/v2\/types\/page"}],"author":[{"embeddable":true,"href":"https:\/\/rodinger-fusswallfahrer.de\/index.php?rest_route=\/wp\/v2\/users\/1"}],"replies":[{"embeddable":true,"href":"https:\/\/rodinger-fusswallfahrer.de\/index.php?rest_route=%2Fwp%2Fv2%2Fcomments&post=1207"}],"version-history":[{"count":48,"href":"https:\/\/rodinger-fusswallfahrer.de\/index.php?rest_route=\/wp\/v2\/pages\/1207\/revisions"}],"predecessor-version":[{"id":1807,"href":"https:\/\/rodinger-fusswallfahrer.de\/index.php?rest_route=\/wp\/v2\/pages\/1207\/revisions\/1807"}],"wp:attachment":[{"href":"https:\/\/rodinger-fusswallfahrer.de\/index.php?rest_route=%2Fwp%2Fv2%2Fmedia&parent=1207"}],"curies":[{"name":"wp","href":"https:\/\/api.w.org\/{rel}","templated":true}]}}